{"id":1881,"date":"2024-06-24T13:01:55","date_gmt":"2024-06-24T13:01:55","guid":{"rendered":"https:\/\/modest-hawking.194-143-204-3.plesk.page\/?page_id=1881"},"modified":"2024-08-28T17:51:29","modified_gmt":"2024-08-28T17:51:29","slug":"el-aeroclub","status":"publish","type":"page","link":"https:\/\/aeroclubdenavarra.com\/?page_id=1881","title":{"rendered":"El Aeroclub"},"content":{"rendered":"\t\t<div data-elementor-type=\"wp-page\" data-elementor-id=\"1881\" class=\"elementor elementor-1881\">\n\t\t\t\t\t\t<section class=\"elementor-section elementor-top-section elementor-element elementor-element-a48506f elementor-section-boxed elementor-section-height-default elementor-section-height-default\" data-id=\"a48506f\" data-element_type=\"section\" data-e-type=\"section\">\n\t\t\t\t\t\t<div class=\"elementor-container elementor-column-gap-default\">\n\t\t\t\t\t<div class=\"elementor-column elementor-col-50 elementor-top-column elementor-element elementor-element-38d3c98\" data-id=\"38d3c98\" data-element_type=\"column\" data-e-type=\"column\">\n\t\t\t<div class=\"elementor-widget-wrap elementor-element-populated\">\n\t\t\t\t\t\t<div class=\"elementor-element elementor-element-a0fd4ea elementor-widget__width-initial elementor-widget elementor-widget-image\" data-id=\"a0fd4ea\" data-element_type=\"widget\" data-e-type=\"widget\" data-widget_type=\"image.default\">\n\t\t\t\t<div class=\"elementor-widget-container\">\n\t\t\t\t\t\t\t\t\t\t\t\t\t\t\t<img fetchpriority=\"high\" decoding=\"async\" width=\"543\" height=\"342\" src=\"https:\/\/aeroclubdenavarra.com\/wp-content\/uploads\/2024\/06\/fundador.jpg\" class=\"attachment-large size-large wp-image-1883\" alt=\"\" srcset=\"https:\/\/aeroclubdenavarra.com\/wp-content\/uploads\/2024\/06\/fundador.jpg 543w, https:\/\/aeroclubdenavarra.com\/wp-content\/uploads\/2024\/06\/fundador-300x189.jpg 300w\" sizes=\"(max-width: 543px) 100vw, 543px\" \/>\t\t\t\t\t\t\t\t\t\t\t\t\t\t\t<\/div>\n\t\t\t\t<\/div>\n\t\t\t\t\t<\/div>\n\t\t<\/div>\n\t\t\t\t<div class=\"elementor-column elementor-col-50 elementor-top-column elementor-element elementor-element-6066552\" data-id=\"6066552\" data-element_type=\"column\" data-e-type=\"column\">\n\t\t\t<div class=\"elementor-widget-wrap elementor-element-populated\">\n\t\t\t\t\t\t<div class=\"elementor-element elementor-element-806d6f0 elementor-widget elementor-widget-heading\" data-id=\"806d6f0\" data-element_type=\"widget\" data-e-type=\"widget\" data-widget_type=\"heading.default\">\n\t\t\t\t<div class=\"elementor-widget-container\">\n\t\t\t\t\t<h2 class=\"elementor-heading-title elementor-size-default\"><div id=\"wrapper\" class=\"\"><div id=\"main\" class=\"clearfix \"><div class=\"fusion-row\"><div id=\"content\"><div id=\"post-13239\" class=\"post-13239 page type-page status-publish hentry\"><div class=\"post-content\"><div class=\"fusion-fullwidth fullwidth-box fusion-parallax-none\"><div class=\"fusion-row\"><h1><\/h1><h1>El Aeroclub y su historia<\/h1><\/div><\/div><\/div><\/div><\/div><\/div><\/div><\/div><\/h2>\t\t\t\t<\/div>\n\t\t\t\t<\/div>\n\t\t\t\t<div class=\"elementor-element elementor-element-0ac2e2d heading-subtitle elementor-widget elementor-widget-heading\" data-id=\"0ac2e2d\" data-element_type=\"widget\" data-e-type=\"widget\" data-widget_type=\"heading.default\">\n\t\t\t\t<div class=\"elementor-widget-container\">\n\t\t\t\t\t<div class=\"elementor-heading-title elementor-size-default\">Sintetizar tantos a\u00f1os de historia es complicado, pero aqu\u00ed te dejamos un peque\u00f1o resumen.<\/div>\t\t\t\t<\/div>\n\t\t\t\t<\/div>\n\t\t\t\t<div class=\"elementor-element elementor-element-332273e elementor-widget elementor-widget-heading\" data-id=\"332273e\" data-element_type=\"widget\" data-e-type=\"widget\" data-widget_type=\"heading.default\">\n\t\t\t\t<div class=\"elementor-widget-container\">\n\t\t\t\t\t<div class=\"elementor-heading-title elementor-size-default\">El Aeroclub de Navarra nace el 26 de junio de 1965 promovido por el Pamplon\u00e9s Joaquin Martinez \u00dabeda siendo su primer presidente Jose \nIrigoyen Rahola. Con cerca de 150 socios iniciales se establece en el \naer\u00f3dromo de Noain, a unos 6 kil\u00f3metros de la capital navarra. Por aquel\n entonces el campo de Noain se encontraba abandonado tras la guerra \ncivil. Tras la llegada de los primeros aviones comerciales a Noain a \nprincipios de los a\u00f1os 70, el Aeroclub se instala en su actual hangar.<\/div>\t\t\t\t<\/div>\n\t\t\t\t<\/div>\n\t\t\t\t<div class=\"elementor-element elementor-element-8832317 elementor-widget elementor-widget-heading\" data-id=\"8832317\" data-element_type=\"widget\" data-e-type=\"widget\" data-widget_type=\"heading.default\">\n\t\t\t\t<div class=\"elementor-widget-container\">\n\t\t\t\t\t<div class=\"elementor-heading-title elementor-size-default\">La consolidaci\u00f3n del Aeroclub viene gracias a sus socios as\u00ed como \norganizando numerosas actividades y competiciones a\u00e9reas, como los \nfestivales a\u00e9reos de los a\u00f1os 80, vueltas a\u00e9reas a Navarra y campeonatos\n de Espa\u00f1a. Varios de sus miembros han obtenido importantes premios en \ncompeticiones a\u00e9reas de caracter nacional e internacional, incluyendo 20\n campeonatos de Espa\u00f1a y un campeonato del Mundo.<\/div>\t\t\t\t<\/div>\n\t\t\t\t<\/div>\n\t\t\t\t<div class=\"elementor-element elementor-element-27a2725 elementor-widget elementor-widget-heading\" data-id=\"27a2725\" data-element_type=\"widget\" data-e-type=\"widget\" data-widget_type=\"heading.default\">\n\t\t\t\t<div class=\"elementor-widget-container\">\n\t\t\t\t\t<div class=\"elementor-heading-title elementor-size-default\">Un hecho relevante se producir\u00eda en 1988 con la organizaci\u00f3n por el \nAeroclub del raid \u00abBenjam\u00edn de Tudela\u00bb, con la salida de 6 avionetas \ndesde Navarra a Israel emulando el viaje del ilustre navarro.<\/div>\t\t\t\t<\/div>\n\t\t\t\t<\/div>\n\t\t\t\t<div class=\"elementor-element elementor-element-a1f033c elementor-widget elementor-widget-heading\" data-id=\"a1f033c\" data-element_type=\"widget\" data-e-type=\"widget\" data-widget_type=\"heading.default\">\n\t\t\t\t<div class=\"elementor-widget-container\">\n\t\t\t\t\t<div class=\"elementor-heading-title elementor-size-default\">Una parte primordial del Aeroclub gira entorno a su escuela de pilotos, \nesta se establece como ATO en el a\u00f1o 2013, desde la cual se han formado \ncientos de pilotos, muchos de ellos actualmente operando \nprofesionalmente a lo largo de todo el mundo.<\/div>\t\t\t\t<\/div>\n\t\t\t\t<\/div>\n\t\t\t\t<div class=\"elementor-element elementor-element-d46548a elementor-widget elementor-widget-heading\" data-id=\"d46548a\" data-element_type=\"widget\" data-e-type=\"widget\" data-widget_type=\"heading.default\">\n\t\t\t\t<div class=\"elementor-widget-container\">\n\t\t\t\t\t<div class=\"elementor-heading-title elementor-size-default\">Muchas cosas han pasado en todos estos a\u00f1os. Si quieres escribir la historia venidera, \u00a1te esperamos!<\/div>\t\t\t\t<\/div>\n\t\t\t\t<\/div>\n\t\t\t\t\t<\/div>\n\t\t<\/div>\n\t\t\t\t\t<\/div>\n\t\t<\/section>\n\t\t\t\t<\/div>\n\t\t","protected":false},"excerpt":{"rendered":"<p>El Aeroclub y su historia Sintetizar tantos a\u00f1os de historia es complicado, pero aqu\u00ed te dejamos un peque\u00f1o resumen. El Aeroclub de Navarra nace el 26 de junio de 1965 promovido por el Pamplon\u00e9s Joaquin Martinez \u00dabeda siendo su primer presidente Jose Irigoyen Rahola. Con cerca de 150 socios iniciales&#8230;<\/p>\n","protected":false},"author":1,"featured_media":1901,"parent":0,"menu_order":0,"comment_status":"closed","ping_status":"closed","template":"templates\/template-fullscreen.php","meta":{"footnotes":""},"class_list":["post-1881","page","type-page","status-publish","has-post-thumbnail","hentry"],"_links":{"self":[{"href":"https:\/\/aeroclubdenavarra.com\/index.php?rest_route=\/wp\/v2\/pages\/1881","targetHints":{"allow":["GET"]}}],"collection":[{"href":"https:\/\/aeroclubdenavarra.com\/index.php?rest_route=\/wp\/v2\/pages"}],"about":[{"href":"https:\/\/aeroclubdenavarra.com\/index.php?rest_route=\/wp\/v2\/types\/page"}],"author":[{"embeddable":true,"href":"https:\/\/aeroclubdenavarra.com\/index.php?rest_route=\/wp\/v2\/users\/1"}],"replies":[{"embeddable":true,"href":"https:\/\/aeroclubdenavarra.com\/index.php?rest_route=%2Fwp%2Fv2%2Fcomments&post=1881"}],"version-history":[{"count":21,"href":"https:\/\/aeroclubdenavarra.com\/index.php?rest_route=\/wp\/v2\/pages\/1881\/revisions"}],"predecessor-version":[{"id":3022,"href":"https:\/\/aeroclubdenavarra.com\/index.php?rest_route=\/wp\/v2\/pages\/1881\/revisions\/3022"}],"wp:featuredmedia":[{"embeddable":true,"href":"https:\/\/aeroclubdenavarra.com\/index.php?rest_route=\/wp\/v2\/media\/1901"}],"wp:attachment":[{"href":"https:\/\/aeroclubdenavarra.com\/index.php?rest_route=%2Fwp%2Fv2%2Fmedia&parent=1881"}],"curies":[{"name":"wp","href":"https:\/\/api.w.org\/{rel}","templated":true}]}}