{"id":1913,"date":"2024-06-24T14:37:18","date_gmt":"2024-06-24T14:37:18","guid":{"rendered":"https:\/\/modest-hawking.194-143-204-3.plesk.page\/?page_id=1913"},"modified":"2024-07-03T11:59:31","modified_gmt":"2024-07-03T11:59:31","slug":"quienes-somos","status":"publish","type":"page","link":"https:\/\/aeroclubdenavarra.com\/?page_id=1913","title":{"rendered":"Qui\u00e9nes somos"},"content":{"rendered":"\t\t<div data-elementor-type=\"wp-page\" data-elementor-id=\"1913\" class=\"elementor elementor-1913\">\n\t\t\t\t\t\t<section class=\"elementor-section elementor-top-section elementor-element elementor-element-d77be8b elementor-section-boxed elementor-section-height-default elementor-section-height-default\" data-id=\"d77be8b\" data-element_type=\"section\" data-e-type=\"section\">\n\t\t\t\t\t\t<div class=\"elementor-container elementor-column-gap-default\">\n\t\t\t\t\t<div class=\"elementor-column elementor-col-50 elementor-top-column elementor-element elementor-element-5aff039\" data-id=\"5aff039\" data-element_type=\"column\" data-e-type=\"column\">\n\t\t\t<div class=\"elementor-widget-wrap elementor-element-populated\">\n\t\t\t\t\t\t<div class=\"elementor-element elementor-element-da34f61 smalltitle pcolor elementor-widget elementor-widget-heading\" data-id=\"da34f61\" data-element_type=\"widget\" data-e-type=\"widget\" data-widget_type=\"heading.default\">\n\t\t\t\t<div class=\"elementor-widget-container\">\n\t\t\t\t\t<span class=\"elementor-heading-title elementor-size-default\">El Aeroclub<\/span>\t\t\t\t<\/div>\n\t\t\t\t<\/div>\n\t\t\t\t<div class=\"elementor-element elementor-element-4be0c7e elementor-widget elementor-widget-heading\" data-id=\"4be0c7e\" data-element_type=\"widget\" data-e-type=\"widget\" data-widget_type=\"heading.default\">\n\t\t\t\t<div class=\"elementor-widget-container\">\n\t\t\t\t\t<h2 class=\"elementor-heading-title elementor-size-default\"><h1 style=\"margin-top: 0.67em;margin-bottom: 0.67em;, Arial, Helvetica, sans-serif;font-weight: 400;font-size: 34px;line-height: 48px;font-style: normal;letter-spacing: normal;text-align: start;text-indent: 0px;text-transform: none;white-space: normal\">Qui\u00e9nes somos<\/h1><\/h2>\t\t\t\t<\/div>\n\t\t\t\t<\/div>\n\t\t\t\t<div class=\"elementor-element elementor-element-bf5dd8f elementor-widget elementor-widget-text-editor\" data-id=\"bf5dd8f\" data-element_type=\"widget\" data-e-type=\"widget\" data-widget_type=\"text-editor.default\">\n\t\t\t\t<div class=\"elementor-widget-container\">\n\t\t\t\t\t\t\t\t\t<p>La fuerza del Aeroclub es su gente, sus socios, pilotos y amigos,<br \/>aficionados que se re\u00fanen en No\u00e1in para disfrutar de la pasi\u00f3n que les<br \/>une, el maravilloso mundo de la aviaci\u00f3n.<\/p><p>El Aeroclub est\u00e1 formado por mas de 100 socios, muchos de ellos<br \/>pilotos en activo, gente entusiasta de las satisfacciones que da el<br \/>poder apreciar la Tierra desde un medio como el aire, exigentes en la<br \/>operaci\u00f3n de una aeronave y apasionados de las cosas bien hechas.<\/p><p>Aqu\u00ed en No\u00e1in encontrar\u00e1s personas con may\u00fasculas, siempre dispuestas a ayudar y a compartir experiencias.<\/p><p>\u00a1Esperamos verte pronto con nosotros!<\/p><div><div>Jos\u00e9 Luis Llorente Ca\u00f1al<\/div><div>Presidente del Aeroclub<\/div><\/div><p>\u00a0<\/p><p>\u00a0<\/p>\t\t\t\t\t\t\t\t<\/div>\n\t\t\t\t<\/div>\n\t\t\t\t\t<\/div>\n\t\t<\/div>\n\t\t\t\t<div class=\"elementor-column elementor-col-50 elementor-top-column elementor-element elementor-element-3bd77c8\" data-id=\"3bd77c8\" data-element_type=\"column\" data-e-type=\"column\">\n\t\t\t<div class=\"elementor-widget-wrap elementor-element-populated\">\n\t\t\t\t\t\t<div class=\"elementor-element elementor-element-f9b5ce9 elementor-widget elementor-widget-image\" data-id=\"f9b5ce9\" data-element_type=\"widget\" data-e-type=\"widget\" data-widget_type=\"image.default\">\n\t\t\t\t<div class=\"elementor-widget-container\">\n\t\t\t\t\t\t\t\t\t\t\t\t\t\t\t<img fetchpriority=\"high\" decoding=\"async\" width=\"707\" height=\"717\" src=\"https:\/\/aeroclubdenavarra.com\/wp-content\/uploads\/2024\/06\/1685965629723.jpg\" class=\"attachment-large size-large wp-image-1944\" alt=\"\" srcset=\"https:\/\/aeroclubdenavarra.com\/wp-content\/uploads\/2024\/06\/1685965629723.jpg 707w, https:\/\/aeroclubdenavarra.com\/wp-content\/uploads\/2024\/06\/1685965629723-296x300.jpg 296w\" sizes=\"(max-width: 707px) 100vw, 707px\" \/>\t\t\t\t\t\t\t\t\t\t\t\t\t\t\t<\/div>\n\t\t\t\t<\/div>\n\t\t\t\t\t<\/div>\n\t\t<\/div>\n\t\t\t\t\t<\/div>\n\t\t<\/section>\n\t\t\t\t<\/div>\n\t\t","protected":false},"excerpt":{"rendered":"<p>El Aeroclub Qui\u00e9nes somos La fuerza del Aeroclub es su gente, sus socios, pilotos y amigos,aficionados que se re\u00fanen en No\u00e1in para disfrutar de la pasi\u00f3n que lesune, el maravilloso mundo de la aviaci\u00f3n. El Aeroclub est\u00e1 formado por mas de 100 socios, muchos de ellospilotos en activo, gente entusiasta&#8230;<\/p>\n","protected":false},"author":1,"featured_media":2486,"parent":0,"menu_order":0,"comment_status":"closed","ping_status":"closed","template":"templates\/template-fullscreen.php","meta":{"footnotes":""},"class_list":["post-1913","page","type-page","status-publish","has-post-thumbnail","hentry"],"_links":{"self":[{"href":"https:\/\/aeroclubdenavarra.com\/index.php?rest_route=\/wp\/v2\/pages\/1913","targetHints":{"allow":["GET"]}}],"collection":[{"href":"https:\/\/aeroclubdenavarra.com\/index.php?rest_route=\/wp\/v2\/pages"}],"about":[{"href":"https:\/\/aeroclubdenavarra.com\/index.php?rest_route=\/wp\/v2\/types\/page"}],"author":[{"embeddable":true,"href":"https:\/\/aeroclubdenavarra.com\/index.php?rest_route=\/wp\/v2\/users\/1"}],"replies":[{"embeddable":true,"href":"https:\/\/aeroclubdenavarra.com\/index.php?rest_route=%2Fwp%2Fv2%2Fcomments&post=1913"}],"version-history":[{"count":19,"href":"https:\/\/aeroclubdenavarra.com\/index.php?rest_route=\/wp\/v2\/pages\/1913\/revisions"}],"predecessor-version":[{"id":1947,"href":"https:\/\/aeroclubdenavarra.com\/index.php?rest_route=\/wp\/v2\/pages\/1913\/revisions\/1947"}],"wp:featuredmedia":[{"embeddable":true,"href":"https:\/\/aeroclubdenavarra.com\/index.php?rest_route=\/wp\/v2\/media\/2486"}],"wp:attachment":[{"href":"https:\/\/aeroclubdenavarra.com\/index.php?rest_route=%2Fwp%2Fv2%2Fmedia&parent=1913"}],"curies":[{"name":"wp","href":"https:\/\/api.w.org\/{rel}","templated":true}]}}