{"id":2324,"date":"2024-06-28T13:43:38","date_gmt":"2024-06-28T13:43:38","guid":{"rendered":"https:\/\/modest-hawking.194-143-204-3.plesk.page\/?page_id=2324"},"modified":"2024-06-28T13:47:46","modified_gmt":"2024-06-28T13:47:46","slug":"touring-motor-glider","status":"publish","type":"page","link":"https:\/\/aeroclubdenavarra.com\/?page_id=2324","title":{"rendered":"Touring Motor Glider"},"content":{"rendered":"\t\t<div data-elementor-type=\"wp-page\" data-elementor-id=\"2324\" class=\"elementor elementor-2324\">\n\t\t\t\t\t\t<section class=\"elementor-section elementor-top-section elementor-element elementor-element-448e09a elementor-section-boxed elementor-section-height-default elementor-section-height-default\" data-id=\"448e09a\" data-element_type=\"section\" data-e-type=\"section\">\n\t\t\t\t\t\t<div class=\"elementor-container elementor-column-gap-default\">\n\t\t\t\t\t<div class=\"elementor-column elementor-col-50 elementor-top-column elementor-element elementor-element-102d429\" data-id=\"102d429\" data-element_type=\"column\" data-e-type=\"column\">\n\t\t\t<div class=\"elementor-widget-wrap elementor-element-populated\">\n\t\t\t\t\t\t<div class=\"elementor-element elementor-element-182e2e7 smalltitle pcolor elementor-widget elementor-widget-heading\" data-id=\"182e2e7\" data-element_type=\"widget\" data-e-type=\"widget\" data-widget_type=\"heading.default\">\n\t\t\t\t<div class=\"elementor-widget-container\">\n\t\t\t\t\t<span class=\"elementor-heading-title elementor-size-default\">la escuela<\/span>\t\t\t\t<\/div>\n\t\t\t\t<\/div>\n\t\t\t\t<div class=\"elementor-element elementor-element-4b3e31d elementor-widget elementor-widget-heading\" data-id=\"4b3e31d\" data-element_type=\"widget\" data-e-type=\"widget\" data-widget_type=\"heading.default\">\n\t\t\t\t<div class=\"elementor-widget-container\">\n\t\t\t\t\t<h3 class=\"elementor-heading-title elementor-size-default\">Touring Motor Glider<\/h3>\t\t\t\t<\/div>\n\t\t\t\t<\/div>\n\t\t\t\t<div class=\"elementor-element elementor-element-000ab2f elementor-widget elementor-widget-text-editor\" data-id=\"000ab2f\" data-element_type=\"widget\" data-e-type=\"widget\" data-widget_type=\"text-editor.default\">\n\t\t\t\t<div class=\"elementor-widget-container\">\n\t\t\t\t\t\t\t\t\t<p>Si quieres seguir avanzando como piloto, con la escuela del Aeroclub podr\u00e1s obtener tu habilitaci\u00f3n TMG (Touring Motor Glider), ya que disponemos de un avi\u00f3n al efecto, nuestro Grob 109B, siendo un avi\u00f3n con pat\u00edn de cola, por lo que aprender\u00e1s adem\u00e1s con un tipo de aeronave de manejo diferente.<br \/><br \/>Siente como es el vuelo sin motor con nosotros, \u00a1te esperamos!<\/p>\t\t\t\t\t\t\t\t<\/div>\n\t\t\t\t<\/div>\n\t\t<div class=\"elementor-element elementor-element-9752362 e-grid e-con-full e-con e-parent\" data-id=\"9752362\" data-element_type=\"container\" data-e-type=\"container\">\n\t\t\t\t<div class=\"elementor-element elementor-element-5ce817d elementor-widget elementor-widget-button\" data-id=\"5ce817d\" data-element_type=\"widget\" data-e-type=\"widget\" data-widget_type=\"button.default\">\n\t\t\t\t<div class=\"elementor-widget-container\">\n\t\t\t\t\t\t\t\t\t<div class=\"elementor-button-wrapper\">\n\t\t\t\t\t<a class=\"elementor-button elementor-button-link elementor-size-sm\" href=\"https:\/\/aeroclubdenavarra.com\/?page_id=209\">\n\t\t\t\t\t\t<span class=\"elementor-button-content-wrapper\">\n\t\t\t\t\t\t\t\t\t<span class=\"elementor-button-text\">Cont\u00e1ctanos<\/span>\n\t\t\t\t\t<\/span>\n\t\t\t\t\t<\/a>\n\t\t\t\t<\/div>\n\t\t\t\t\t\t\t\t<\/div>\n\t\t\t\t<\/div>\n\t\t\t\t<\/div>\n\t\t\t\t\t<\/div>\n\t\t<\/div>\n\t\t\t\t<div class=\"elementor-column elementor-col-50 elementor-top-column elementor-element elementor-element-6da17e3\" data-id=\"6da17e3\" data-element_type=\"column\" data-e-type=\"column\">\n\t\t\t<div class=\"elementor-widget-wrap elementor-element-populated\">\n\t\t\t\t\t\t<div class=\"elementor-element elementor-element-7536279 elementor-widget elementor-widget-image\" data-id=\"7536279\" data-element_type=\"widget\" data-e-type=\"widget\" data-widget_type=\"image.default\">\n\t\t\t\t<div class=\"elementor-widget-container\">\n\t\t\t\t\t\t\t\t\t\t\t\t\t\t\t<img fetchpriority=\"high\" decoding=\"async\" width=\"858\" height=\"1024\" src=\"https:\/\/aeroclubdenavarra.com\/wp-content\/uploads\/2024\/06\/IMG_1677-858x1024.jpg\" class=\"attachment-large size-large wp-image-2167\" alt=\"\" srcset=\"https:\/\/aeroclubdenavarra.com\/wp-content\/uploads\/2024\/06\/IMG_1677-858x1024.jpg 858w, https:\/\/aeroclubdenavarra.com\/wp-content\/uploads\/2024\/06\/IMG_1677-251x300.jpg 251w, https:\/\/aeroclubdenavarra.com\/wp-content\/uploads\/2024\/06\/IMG_1677-768x917.jpg 768w, https:\/\/aeroclubdenavarra.com\/wp-content\/uploads\/2024\/06\/IMG_1677-1287x1536.jpg 1287w, https:\/\/aeroclubdenavarra.com\/wp-content\/uploads\/2024\/06\/IMG_1677-1716x2048.jpg 1716w, https:\/\/aeroclubdenavarra.com\/wp-content\/uploads\/2024\/06\/IMG_1677-850x1014.jpg 850w\" sizes=\"(max-width: 858px) 100vw, 858px\" \/>\t\t\t\t\t\t\t\t\t\t\t\t\t\t\t<\/div>\n\t\t\t\t<\/div>\n\t\t\t\t\t<\/div>\n\t\t<\/div>\n\t\t\t\t\t<\/div>\n\t\t<\/section>\n\t\t\t\t<\/div>\n\t\t","protected":false},"excerpt":{"rendered":"<p>la escuela Touring Motor Glider Si quieres seguir avanzando como piloto, con la escuela del Aeroclub podr\u00e1s obtener tu habilitaci\u00f3n TMG (Touring Motor Glider), ya que disponemos de un avi\u00f3n al efecto, nuestro Grob 109B, siendo un avi\u00f3n con pat\u00edn de cola, por lo que aprender\u00e1s adem\u00e1s con un tipo&#8230;<\/p>\n","protected":false},"author":1,"featured_media":2329,"parent":0,"menu_order":0,"comment_status":"closed","ping_status":"closed","template":"templates\/template-fullscreen.php","meta":{"footnotes":""},"class_list":["post-2324","page","type-page","status-publish","has-post-thumbnail","hentry"],"_links":{"self":[{"href":"https:\/\/aeroclubdenavarra.com\/index.php?rest_route=\/wp\/v2\/pages\/2324","targetHints":{"allow":["GET"]}}],"collection":[{"href":"https:\/\/aeroclubdenavarra.com\/index.php?rest_route=\/wp\/v2\/pages"}],"about":[{"href":"https:\/\/aeroclubdenavarra.com\/index.php?rest_route=\/wp\/v2\/types\/page"}],"author":[{"embeddable":true,"href":"https:\/\/aeroclubdenavarra.com\/index.php?rest_route=\/wp\/v2\/users\/1"}],"replies":[{"embeddable":true,"href":"https:\/\/aeroclubdenavarra.com\/index.php?rest_route=%2Fwp%2Fv2%2Fcomments&post=2324"}],"version-history":[{"count":4,"href":"https:\/\/aeroclubdenavarra.com\/index.php?rest_route=\/wp\/v2\/pages\/2324\/revisions"}],"predecessor-version":[{"id":2328,"href":"https:\/\/aeroclubdenavarra.com\/index.php?rest_route=\/wp\/v2\/pages\/2324\/revisions\/2328"}],"wp:featuredmedia":[{"embeddable":true,"href":"https:\/\/aeroclubdenavarra.com\/index.php?rest_route=\/wp\/v2\/media\/2329"}],"wp:attachment":[{"href":"https:\/\/aeroclubdenavarra.com\/index.php?rest_route=%2Fwp%2Fv2%2Fmedia&parent=2324"}],"curies":[{"name":"wp","href":"https:\/\/api.w.org\/{rel}","templated":true}]}}