{"id":2493,"date":"2024-07-03T12:48:28","date_gmt":"2024-07-03T12:48:28","guid":{"rendered":"https:\/\/modest-hawking.194-143-204-3.plesk.page\/?page_id=2493"},"modified":"2024-11-24T15:53:42","modified_gmt":"2024-11-24T15:53:42","slug":"aemet","status":"publish","type":"page","link":"https:\/\/aeroclubdenavarra.com\/?page_id=2493","title":{"rendered":"AEMET"},"content":{"rendered":"\t\t<div data-elementor-type=\"wp-page\" data-elementor-id=\"2493\" class=\"elementor elementor-2493\">\n\t\t\t\t\t\t<section class=\"elementor-section elementor-top-section elementor-element elementor-element-d77be8b elementor-section-boxed elementor-section-height-default elementor-section-height-default\" data-id=\"d77be8b\" data-element_type=\"section\" data-e-type=\"section\">\n\t\t\t\t\t\t<div class=\"elementor-container elementor-column-gap-default\">\n\t\t\t\t\t<div class=\"elementor-column elementor-col-50 elementor-top-column elementor-element elementor-element-5aff039\" data-id=\"5aff039\" data-element_type=\"column\" data-e-type=\"column\">\n\t\t\t<div class=\"elementor-widget-wrap elementor-element-populated\">\n\t\t\t\t\t\t<div class=\"elementor-element elementor-element-da34f61 smalltitle pcolor elementor-widget elementor-widget-heading\" data-id=\"da34f61\" data-element_type=\"widget\" data-e-type=\"widget\" data-widget_type=\"heading.default\">\n\t\t\t\t<div class=\"elementor-widget-container\">\n\t\t\t\t\t<span class=\"elementor-heading-title elementor-size-default\">METEOROLOG\u00cdA<\/span>\t\t\t\t<\/div>\n\t\t\t\t<\/div>\n\t\t\t\t<div class=\"elementor-element elementor-element-4be0c7e elementor-widget elementor-widget-heading\" data-id=\"4be0c7e\" data-element_type=\"widget\" data-e-type=\"widget\" data-widget_type=\"heading.default\">\n\t\t\t\t<div class=\"elementor-widget-container\">\n\t\t\t\t\t<h4 class=\"elementor-heading-title elementor-size-default\">Agencia Estatal de Meteorolog\u00eda - AEMET<\/h4>\t\t\t\t<\/div>\n\t\t\t\t<\/div>\n\t\t\t\t<div class=\"elementor-element elementor-element-bf5dd8f elementor-widget elementor-widget-text-editor\" data-id=\"bf5dd8f\" data-element_type=\"widget\" data-e-type=\"widget\" data-widget_type=\"text-editor.default\">\n\t\t\t\t<div class=\"elementor-widget-container\">\n\t\t\t\t\t\t\t\t\t<p>AEMET pone a disposici\u00f3n de todos sus usuarios predicciones meteorol\u00f3gicas a distintas escalas espaciales y temporales, tanto de inter\u00e9s general para los ciudadanos, como espec\u00edficas para una determinada actividad.<\/p><p>\u00a0<\/p>\t\t\t\t\t\t\t\t<\/div>\n\t\t\t\t<\/div>\n\t\t<div class=\"elementor-element elementor-element-36f5d30 e-grid e-con-boxed e-con e-parent\" data-id=\"36f5d30\" data-element_type=\"container\" data-e-type=\"container\">\n\t\t\t\t\t<div class=\"e-con-inner\">\n\t\t<div class=\"elementor-element elementor-element-b3197bc e-con-full e-flex e-con e-child\" data-id=\"b3197bc\" data-element_type=\"container\" data-e-type=\"container\">\n\t\t\t\t<div class=\"elementor-element elementor-element-e24fab9 elementor-widget elementor-widget-image\" data-id=\"e24fab9\" data-element_type=\"widget\" data-e-type=\"widget\" data-widget_type=\"image.default\">\n\t\t\t\t<div class=\"elementor-widget-container\">\n\t\t\t\t\t\t\t\t\t\t\t\t\t\t\t\t<a href=\"https:\/\/www.aemet.es\/es\/eltiempo\/prediccion\/espana?a=pb\" target=\"_blank\">\n\t\t\t\t\t\t\t<img fetchpriority=\"high\" decoding=\"async\" width=\"850\" height=\"700\" src=\"https:\/\/aeroclubdenavarra.com\/wp-content\/uploads\/2024\/07\/Screenshot-2024-07-03-at-15.05.16-850x700.png\" class=\"attachment-consultus-image850x700 size-consultus-image850x700 wp-image-2516\" alt=\"\" \/>\t\t\t\t\t\t\t\t<\/a>\n\t\t\t\t\t\t\t\t\t\t\t\t\t\t\t<\/div>\n\t\t\t\t<\/div>\n\t\t\t\t<div class=\"elementor-element elementor-element-71bc87e elementor-widget elementor-widget-heading\" data-id=\"71bc87e\" data-element_type=\"widget\" data-e-type=\"widget\" data-widget_type=\"heading.default\">\n\t\t\t\t<div class=\"elementor-widget-container\">\n\t\t\t\t\t<h5 class=\"elementor-heading-title elementor-size-default\">Predicci\u00f3n general<\/h5>\t\t\t\t<\/div>\n\t\t\t\t<\/div>\n\t\t\t\t<\/div>\n\t\t<div class=\"elementor-element elementor-element-2a59c02 e-con-full e-flex e-con e-child\" data-id=\"2a59c02\" data-element_type=\"container\" data-e-type=\"container\">\n\t\t\t\t<div class=\"elementor-element elementor-element-f9c901e elementor-widget elementor-widget-image\" data-id=\"f9c901e\" data-element_type=\"widget\" data-e-type=\"widget\" data-widget_type=\"image.default\">\n\t\t\t\t<div class=\"elementor-widget-container\">\n\t\t\t\t\t\t\t\t\t\t\t\t\t\t\t\t<a href=\"\/wp-content\/uploads\/2024\/09\/aemet-AU-GUI-0102_240728_005740.pdf\" target=\"_blank\">\n\t\t\t\t\t\t\t<img decoding=\"async\" width=\"850\" height=\"700\" src=\"https:\/\/aeroclubdenavarra.com\/wp-content\/uploads\/2024\/09\/Screenshot-2024-09-01-at-16.01.32-850x700.png\" class=\"attachment-consultus-image850x700 size-consultus-image850x700 wp-image-3074\" alt=\"\" \/>\t\t\t\t\t\t\t\t<\/a>\n\t\t\t\t\t\t\t\t\t\t\t\t\t\t\t<\/div>\n\t\t\t\t<\/div>\n\t\t\t\t<div class=\"elementor-element elementor-element-b901217 elementor-widget elementor-widget-heading\" data-id=\"b901217\" data-element_type=\"widget\" data-e-type=\"widget\" data-widget_type=\"heading.default\">\n\t\t\t\t<div class=\"elementor-widget-container\">\n\t\t\t\t\t<h5 class=\"elementor-heading-title elementor-size-default\">Informaci\u00f3n Meteorol\u00f3gica Aeron\u00e1utica<\/h5>\t\t\t\t<\/div>\n\t\t\t\t<\/div>\n\t\t\t\t<\/div>\n\t\t<div class=\"elementor-element elementor-element-50016b9 e-con-full e-flex e-con e-child\" data-id=\"50016b9\" data-element_type=\"container\" data-e-type=\"container\">\n\t\t\t\t<div class=\"elementor-element elementor-element-c7c60eb elementor-widget elementor-widget-image\" data-id=\"c7c60eb\" data-element_type=\"widget\" data-e-type=\"widget\" data-widget_type=\"image.default\">\n\t\t\t\t<div class=\"elementor-widget-container\">\n\t\t\t\t\t\t\t\t\t\t\t\t\t\t\t\t<a href=\"https:\/\/ama.aemet.es\/acceso\" target=\"_blank\">\n\t\t\t\t\t\t\t<img decoding=\"async\" width=\"850\" height=\"700\" src=\"https:\/\/aeroclubdenavarra.com\/wp-content\/uploads\/2024\/07\/Screenshot-2024-07-03-at-15.08.06-850x700.png\" class=\"attachment-consultus-image850x700 size-consultus-image850x700 wp-image-2520\" alt=\"\" \/>\t\t\t\t\t\t\t\t<\/a>\n\t\t\t\t\t\t\t\t\t\t\t\t\t\t\t<\/div>\n\t\t\t\t<\/div>\n\t\t\t\t<div class=\"elementor-element elementor-element-3d4257d elementor-widget elementor-widget-heading\" data-id=\"3d4257d\" data-element_type=\"widget\" data-e-type=\"widget\" data-widget_type=\"heading.default\">\n\t\t\t\t<div class=\"elementor-widget-container\">\n\t\t\t\t\t<h5 class=\"elementor-heading-title elementor-size-default\">Autoservicio Meteorol\u00f3gico Aeron\u00e1utico<\/h5>\t\t\t\t<\/div>\n\t\t\t\t<\/div>\n\t\t\t\t<\/div>\n\t\t\t\t\t<\/div>\n\t\t\t\t<\/div>\n\t\t\t\t\t<\/div>\n\t\t<\/div>\n\t\t\t\t<div class=\"elementor-column elementor-col-50 elementor-top-column elementor-element elementor-element-3bd77c8\" data-id=\"3bd77c8\" data-element_type=\"column\" data-e-type=\"column\">\n\t\t\t<div class=\"elementor-widget-wrap elementor-element-populated\">\n\t\t\t\t\t\t<div class=\"elementor-element elementor-element-f9b5ce9 elementor-widget elementor-widget-image\" data-id=\"f9b5ce9\" data-element_type=\"widget\" data-e-type=\"widget\" data-widget_type=\"image.default\">\n\t\t\t\t<div class=\"elementor-widget-container\">\n\t\t\t\t\t\t\t\t\t\t\t\t\t\t\t\t<a href=\"https:\/\/www.aemet.es\/es\/portada\" target=\"_blank\">\n\t\t\t\t\t\t\t<img loading=\"lazy\" decoding=\"async\" width=\"1024\" height=\"384\" src=\"https:\/\/aeroclubdenavarra.com\/wp-content\/uploads\/2024\/07\/Screenshot-2024-07-03-at-14.52.39-1024x384.png\" class=\"attachment-large size-large wp-image-2504\" alt=\"\" srcset=\"https:\/\/aeroclubdenavarra.com\/wp-content\/uploads\/2024\/07\/Screenshot-2024-07-03-at-14.52.39-1024x384.png 1024w, https:\/\/aeroclubdenavarra.com\/wp-content\/uploads\/2024\/07\/Screenshot-2024-07-03-at-14.52.39-300x113.png 300w, https:\/\/aeroclubdenavarra.com\/wp-content\/uploads\/2024\/07\/Screenshot-2024-07-03-at-14.52.39-768x288.png 768w, https:\/\/aeroclubdenavarra.com\/wp-content\/uploads\/2024\/07\/Screenshot-2024-07-03-at-14.52.39-1536x576.png 1536w, https:\/\/aeroclubdenavarra.com\/wp-content\/uploads\/2024\/07\/Screenshot-2024-07-03-at-14.52.39-850x319.png 850w, https:\/\/aeroclubdenavarra.com\/wp-content\/uploads\/2024\/07\/Screenshot-2024-07-03-at-14.52.39.png 1866w\" sizes=\"(max-width: 1024px) 100vw, 1024px\" \/>\t\t\t\t\t\t\t\t<\/a>\n\t\t\t\t\t\t\t\t\t\t\t\t\t\t\t<\/div>\n\t\t\t\t<\/div>\n\t\t\t\t\t<\/div>\n\t\t<\/div>\n\t\t\t\t\t<\/div>\n\t\t<\/section>\n\t\t\t\t<\/div>\n\t\t","protected":false},"excerpt":{"rendered":"<p>METEOROLOG\u00cdA Agencia Estatal de Meteorolog\u00eda &#8211; AEMET AEMET pone a disposici\u00f3n de todos sus usuarios predicciones meteorol\u00f3gicas a distintas escalas espaciales y temporales, tanto de inter\u00e9s general para los ciudadanos, como espec\u00edficas para una determinada actividad. \u00a0 Predicci\u00f3n general Informaci\u00f3n Meteorol\u00f3gica Aeron\u00e1utica Autoservicio Meteorol\u00f3gico Aeron\u00e1utico<\/p>\n","protected":false},"author":1,"featured_media":2530,"parent":0,"menu_order":0,"comment_status":"closed","ping_status":"closed","template":"templates\/template-fullscreen.php","meta":{"footnotes":""},"class_list":["post-2493","page","type-page","status-publish","has-post-thumbnail","hentry"],"_links":{"self":[{"href":"https:\/\/aeroclubdenavarra.com\/index.php?rest_route=\/wp\/v2\/pages\/2493","targetHints":{"allow":["GET"]}}],"collection":[{"href":"https:\/\/aeroclubdenavarra.com\/index.php?rest_route=\/wp\/v2\/pages"}],"about":[{"href":"https:\/\/aeroclubdenavarra.com\/index.php?rest_route=\/wp\/v2\/types\/page"}],"author":[{"embeddable":true,"href":"https:\/\/aeroclubdenavarra.com\/index.php?rest_route=\/wp\/v2\/users\/1"}],"replies":[{"embeddable":true,"href":"https:\/\/aeroclubdenavarra.com\/index.php?rest_route=%2Fwp%2Fv2%2Fcomments&post=2493"}],"version-history":[{"count":70,"href":"https:\/\/aeroclubdenavarra.com\/index.php?rest_route=\/wp\/v2\/pages\/2493\/revisions"}],"predecessor-version":[{"id":3237,"href":"https:\/\/aeroclubdenavarra.com\/index.php?rest_route=\/wp\/v2\/pages\/2493\/revisions\/3237"}],"wp:featuredmedia":[{"embeddable":true,"href":"https:\/\/aeroclubdenavarra.com\/index.php?rest_route=\/wp\/v2\/media\/2530"}],"wp:attachment":[{"href":"https:\/\/aeroclubdenavarra.com\/index.php?rest_route=%2Fwp%2Fv2%2Fmedia&parent=2493"}],"curies":[{"name":"wp","href":"https:\/\/api.w.org\/{rel}","templated":true}]}}