{"id":3527,"date":"2026-03-23T15:58:45","date_gmt":"2026-03-23T15:58:45","guid":{"rendered":"https:\/\/aeroclubdenavarra.com\/?page_id=3527"},"modified":"2026-03-23T16:46:03","modified_gmt":"2026-03-23T16:46:03","slug":"competiciones","status":"publish","type":"page","link":"https:\/\/aeroclubdenavarra.com\/?page_id=3527","title":{"rendered":"Competiciones"},"content":{"rendered":"\t\t<div data-elementor-type=\"wp-page\" data-elementor-id=\"3527\" class=\"elementor elementor-3527\">\n\t\t\t\t\t\t<section class=\"elementor-section elementor-top-section elementor-element elementor-element-a48506f elementor-section-boxed elementor-section-height-default elementor-section-height-default\" data-id=\"a48506f\" data-element_type=\"section\" data-e-type=\"section\">\n\t\t\t\t\t\t<div class=\"elementor-container elementor-column-gap-default\">\n\t\t\t\t\t<div class=\"elementor-column elementor-col-50 elementor-top-column elementor-element elementor-element-38d3c98\" data-id=\"38d3c98\" data-element_type=\"column\" data-e-type=\"column\">\n\t\t\t<div class=\"elementor-widget-wrap elementor-element-populated\">\n\t\t\t\t\t\t<div class=\"elementor-element elementor-element-a0fd4ea elementor-widget__width-initial elementor-widget elementor-widget-image\" data-id=\"a0fd4ea\" data-element_type=\"widget\" data-e-type=\"widget\" data-widget_type=\"image.default\">\n\t\t\t\t<div class=\"elementor-widget-container\">\n\t\t\t\t\t\t\t\t\t\t\t\t\t\t\t<img fetchpriority=\"high\" decoding=\"async\" width=\"768\" height=\"1043\" src=\"https:\/\/aeroclubdenavarra.com\/wp-content\/uploads\/2026\/03\/vuelta-aerea-a-navarra-768x1043.png\" class=\"attachment-medium_large size-medium_large wp-image-3529\" alt=\"\" srcset=\"https:\/\/aeroclubdenavarra.com\/wp-content\/uploads\/2026\/03\/vuelta-aerea-a-navarra-768x1043.png 768w, https:\/\/aeroclubdenavarra.com\/wp-content\/uploads\/2026\/03\/vuelta-aerea-a-navarra-221x300.png 221w, https:\/\/aeroclubdenavarra.com\/wp-content\/uploads\/2026\/03\/vuelta-aerea-a-navarra-754x1024.png 754w, https:\/\/aeroclubdenavarra.com\/wp-content\/uploads\/2026\/03\/vuelta-aerea-a-navarra-850x1154.png 850w, https:\/\/aeroclubdenavarra.com\/wp-content\/uploads\/2026\/03\/vuelta-aerea-a-navarra.png 1104w\" sizes=\"(max-width: 768px) 100vw, 768px\" \/>\t\t\t\t\t\t\t\t\t\t\t\t\t\t\t<\/div>\n\t\t\t\t<\/div>\n\t\t\t\t\t<\/div>\n\t\t<\/div>\n\t\t\t\t<div class=\"elementor-column elementor-col-50 elementor-top-column elementor-element elementor-element-6066552\" data-id=\"6066552\" data-element_type=\"column\" data-e-type=\"column\">\n\t\t\t<div class=\"elementor-widget-wrap elementor-element-populated\">\n\t\t\t\t\t\t<div class=\"elementor-element elementor-element-806d6f0 elementor-widget elementor-widget-heading\" data-id=\"806d6f0\" data-element_type=\"widget\" data-e-type=\"widget\" data-widget_type=\"heading.default\">\n\t\t\t\t<div class=\"elementor-widget-container\">\n\t\t\t\t\t<h4 class=\"elementor-heading-title elementor-size-default\"><div id=\"wrapper\" class=\"\"><div id=\"main\" class=\"clearfix \"><div class=\"fusion-row\"><div id=\"content\"><div id=\"post-13239\" class=\"post-13239 page type-page status-publish hentry\"><div class=\"post-content\"><div class=\"fusion-fullwidth fullwidth-box fusion-parallax-none\"><div class=\"fusion-row\"><h1><\/h1><h3>Campeonato de Espa\u00f1a de Rally A\u00e9reo <\/h3><\/div><\/div><\/div><\/div><\/div><\/div><\/div><\/div><\/h4>\t\t\t\t<\/div>\n\t\t\t\t<\/div>\n\t\t\t\t<div class=\"elementor-element elementor-element-0ac2e2d heading-subtitle elementor-widget elementor-widget-heading\" data-id=\"0ac2e2d\" data-element_type=\"widget\" data-e-type=\"widget\" data-widget_type=\"heading.default\">\n\t\t\t\t<div class=\"elementor-widget-container\">\n\t\t\t\t\t<h2 class=\"elementor-heading-title elementor-size-default\">VUELTA A\u00c9REA A NAVARRA 2026<\/h2>\t\t\t\t<\/div>\n\t\t\t\t<\/div>\n\t\t\t\t<div class=\"elementor-element elementor-element-332273e elementor-widget elementor-widget-heading\" data-id=\"332273e\" data-element_type=\"widget\" data-e-type=\"widget\" data-widget_type=\"heading.default\">\n\t\t\t\t<div class=\"elementor-widget-container\">\n\t\t\t\t\t<div class=\"elementor-heading-title elementor-size-default\">La Comisi\u00f3n T\u00e9cnica Nacional de Vuelo con Motor de la Real Federaci\u00f3n\nAeron\u00e1utica Espa\u00f1ola (RFAE) y el Real Aeroclub de Navarra organizan, los\nd\u00edas 5, 6 y 7 de junio de 2026, el Campeonato de Espa\u00f1a de Rally A\u00e9reo 2026\ny la Vuelta A\u00e9rea a Navarra 2026.<\/div>\t\t\t\t<\/div>\n\t\t\t\t<\/div>\n\t\t\t\t<div class=\"elementor-element elementor-element-3165490 elementor-widget elementor-widget-heading\" data-id=\"3165490\" data-element_type=\"widget\" data-e-type=\"widget\" data-widget_type=\"heading.default\">\n\t\t\t\t<div class=\"elementor-widget-container\">\n\t\t\t\t\t<div class=\"elementor-heading-title elementor-size-default\">Esta prueba figura en el calendario oficial de competiciones de la Comisi\u00f3n\nT\u00e9cnica Nacional de Vuelo con Motor de la RFAE y forma parte del programa de competiciones puntuables para el Ranking Nacional de Pilotos.<\/div>\t\t\t\t<\/div>\n\t\t\t\t<\/div>\n\t\t\t\t<div class=\"elementor-element elementor-element-1572b73 elementor-widget elementor-widget-heading\" data-id=\"1572b73\" data-element_type=\"widget\" data-e-type=\"widget\" data-widget_type=\"heading.default\">\n\t\t\t\t<div class=\"elementor-widget-container\">\n\t\t\t\t\t<h6 class=\"elementor-heading-title elementor-size-default\"><br>CONVOCATORIA<\/h6>\t\t\t\t<\/div>\n\t\t\t\t<\/div>\n\t\t\t\t<div class=\"elementor-element elementor-element-8832317 elementor-widget elementor-widget-heading\" data-id=\"8832317\" data-element_type=\"widget\" data-e-type=\"widget\" data-widget_type=\"heading.default\">\n\t\t\t\t<div class=\"elementor-widget-container\">\n\t\t\t\t\t<div class=\"elementor-heading-title elementor-size-default\"><a href=\"https:\/\/aeroclubdenavarra.com\/wp-content\/uploads\/2026\/03\/2026-CONVOCATORIA-VUELTA-NAVARRA-CTO.-ESPANA-v9.pdf\" target=\"_blank\">CAMPEONATO DE ESPA\u00d1A DE RALLY - VUELTA A\u00c9REA A NAVARRA 2026<\/a><\/div>\t\t\t\t<\/div>\n\t\t\t\t<\/div>\n\t\t\t\t<div class=\"elementor-element elementor-element-b67a979 elementor-widget elementor-widget-heading\" data-id=\"b67a979\" data-element_type=\"widget\" data-e-type=\"widget\" data-widget_type=\"heading.default\">\n\t\t\t\t<div class=\"elementor-widget-container\">\n\t\t\t\t\t<h6 class=\"elementor-heading-title elementor-size-default\"><br>INSCRIPCION<\/h6>\t\t\t\t<\/div>\n\t\t\t\t<\/div>\n\t\t\t\t<div class=\"elementor-element elementor-element-24dbad1 elementor-widget elementor-widget-heading\" data-id=\"24dbad1\" data-element_type=\"widget\" data-e-type=\"widget\" data-widget_type=\"heading.default\">\n\t\t\t\t<div class=\"elementor-widget-container\">\n\t\t\t\t\t<div class=\"elementor-heading-title elementor-size-default\"><a href=\"https:\/\/rfae.es\/activities\/4116\" target=\"_blank\">Real Federaci\u00f3n Aeron\u00e1utica Espa\u00f1ola<\/a><\/div>\t\t\t\t<\/div>\n\t\t\t\t<\/div>\n\t\t\t\t<div class=\"elementor-element elementor-element-2bf4cd7 elementor-widget elementor-widget-heading\" data-id=\"2bf4cd7\" data-element_type=\"widget\" data-e-type=\"widget\" data-widget_type=\"heading.default\">\n\t\t\t\t<div class=\"elementor-widget-container\">\n\t\t\t\t\t<div class=\"elementor-heading-title elementor-size-default\"><a href=\"https:\/\/rfae.clupik.app\/es\/authorization\/login\/login\" target=\"_blank\">Usuarios Registrados RFAE<\/a><\/div>\t\t\t\t<\/div>\n\t\t\t\t<\/div>\n\t\t\t\t<div class=\"elementor-element elementor-element-34bd7d0 elementor-widget elementor-widget-heading\" data-id=\"34bd7d0\" data-element_type=\"widget\" data-e-type=\"widget\" data-widget_type=\"heading.default\">\n\t\t\t\t<div class=\"elementor-widget-container\">\n\t\t\t\t\t<h6 class=\"elementor-heading-title elementor-size-default\"><br><i>MAPA 1:200.000<\/i><\/h6>\t\t\t\t<\/div>\n\t\t\t\t<\/div>\n\t\t\t\t<div class=\"elementor-element elementor-element-27a2725 elementor-widget elementor-widget-heading\" data-id=\"27a2725\" data-element_type=\"widget\" data-e-type=\"widget\" data-widget_type=\"heading.default\">\n\t\t\t\t<div class=\"elementor-widget-container\">\n\t\t\t\t\t<div class=\"elementor-heading-title elementor-size-default\"><a href=\"https:\/\/ibercode.com\/c172\/mapa-navarra.pdf\" target=\"_blank\"><b>Descarga el mapa<\/b><\/a><\/div>\t\t\t\t<\/div>\n\t\t\t\t<\/div>\n\t\t\t\t\t<\/div>\n\t\t<\/div>\n\t\t\t\t\t<\/div>\n\t\t<\/section>\n\t\t\t\t<\/div>\n\t\t","protected":false},"excerpt":{"rendered":"<p>Campeonato de Espa\u00f1a de Rally A\u00e9reo VUELTA A\u00c9REA A NAVARRA 2026 La Comisi\u00f3n T\u00e9cnica Nacional de Vuelo con Motor de la Real Federaci\u00f3n Aeron\u00e1utica Espa\u00f1ola (RFAE) y el Real Aeroclub de Navarra organizan, los d\u00edas 5, 6 y 7 de junio de 2026, el Campeonato de Espa\u00f1a de Rally A\u00e9reo&#8230;<\/p>\n","protected":false},"author":1,"featured_media":3600,"parent":0,"menu_order":0,"comment_status":"closed","ping_status":"closed","template":"templates\/template-fullscreen.php","meta":{"footnotes":""},"class_list":["post-3527","page","type-page","status-publish","has-post-thumbnail","hentry"],"_links":{"self":[{"href":"https:\/\/aeroclubdenavarra.com\/index.php?rest_route=\/wp\/v2\/pages\/3527","targetHints":{"allow":["GET"]}}],"collection":[{"href":"https:\/\/aeroclubdenavarra.com\/index.php?rest_route=\/wp\/v2\/pages"}],"about":[{"href":"https:\/\/aeroclubdenavarra.com\/index.php?rest_route=\/wp\/v2\/types\/page"}],"author":[{"embeddable":true,"href":"https:\/\/aeroclubdenavarra.com\/index.php?rest_route=\/wp\/v2\/users\/1"}],"replies":[{"embeddable":true,"href":"https:\/\/aeroclubdenavarra.com\/index.php?rest_route=%2Fwp%2Fv2%2Fcomments&post=3527"}],"version-history":[{"count":70,"href":"https:\/\/aeroclubdenavarra.com\/index.php?rest_route=\/wp\/v2\/pages\/3527\/revisions"}],"predecessor-version":[{"id":3603,"href":"https:\/\/aeroclubdenavarra.com\/index.php?rest_route=\/wp\/v2\/pages\/3527\/revisions\/3603"}],"wp:featuredmedia":[{"embeddable":true,"href":"https:\/\/aeroclubdenavarra.com\/index.php?rest_route=\/wp\/v2\/media\/3600"}],"wp:attachment":[{"href":"https:\/\/aeroclubdenavarra.com\/index.php?rest_route=%2Fwp%2Fv2%2Fmedia&parent=3527"}],"curies":[{"name":"wp","href":"https:\/\/api.w.org\/{rel}","templated":true}]}}